{"id":349,"date":"2024-08-23T21:13:12","date_gmt":"2024-08-23T19:13:12","guid":{"rendered":"https:\/\/uelsen-nachhaltig.de\/wordpress\/?page_id=349"},"modified":"2024-10-01T15:42:27","modified_gmt":"2024-10-01T13:42:27","slug":"mensch","status":"publish","type":"page","link":"https:\/\/uelsen-nachhaltig.de\/wordpress\/uber-uns\/mensch\/","title":{"rendered":"Mensch"},"content":{"rendered":"\n<div class=\"wp-block-uagb-container uagb-block-e20813de alignfull uagb-is-root-container\"><div class=\"uagb-container-inner-blocks-wrap\">\n<div class=\"wp-block-uagb-container uagb-block-5dfae02d\">\n<div class=\"wp-block-uagb-advanced-heading uagb-block-8df18299\"><h2 class=\"uagb-heading-text\">Mensch, wer bist du?<\/h2><p class=\"uagb-desc-text\">Das gr\u00f6\u00dfte Wunderwerk! Jeder von steht dem leibhaftig nahe. Bewundernswert! Zu fast allem f\u00e4hig.<br>Sehr gut \u2013 und leider auch schlecht. Denn schauen wir, was wir Menschen so alles fabrizieren. &#8211;<br>Denkw\u00fcrdig, zu welch einem \u201aResultat\u2018 ein Wissenschaftler im Zusammenhang mit dieser Frage kommt.<\/p><\/div>\n\n\n\n<div class=\"wp-block-uagb-image uagb-block-e0c196c2 wp-block-uagb-image--layout-default wp-block-uagb-image--effect-static wp-block-uagb-image--align-none\"><figure class=\"wp-block-uagb-image__figure\"><img decoding=\"async\" srcset=\"https:\/\/uelsen-nachhaltig.de\/wordpress\/wp-content\/uploads\/2024\/09\/Mens09-13-2024_01.webp ,https:\/\/uelsen-nachhaltig.de\/wordpress\/wp-content\/uploads\/2024\/09\/Mens09-13-2024_01.webp 780w, https:\/\/uelsen-nachhaltig.de\/wordpress\/wp-content\/uploads\/2024\/09\/Mens09-13-2024_01.webp 360w\" sizes=\"auto, (max-width: 480px) 150px\" src=\"https:\/\/uelsen-nachhaltig.de\/wordpress\/wp-content\/uploads\/2024\/09\/Mens09-13-2024_01.webp\" alt=\"\" class=\"uag-image-1560\" width=\"538\" height=\"447\" title=\"Mens09-13-2024_01\" loading=\"lazy\" role=\"img\"\/><\/figure><\/div>\n\n\n\n<div class=\"wp-block-uagb-advanced-heading uagb-block-c1f1cbca\"><p class=\"uagb-desc-text\">Wir haben also ein &#8218;Inweltproblem&#8216;. Insofern erkl\u00e4rt sich einiges, warum es so ist, wie es ist. Und wir sollten hier im aufgekl\u00e4rten Land nicht meinen, wir haben es besser drauf. Die Fakten lassen einem bescheiden werden. So sind wir es in Deutschland, die einen 9-fach erh\u00f6hten sogenannten \u00f6kologischen Fu\u00dfabdruck hinlegen (oder sollte man sagen: hinstampfen).<\/p><\/div>\n\n\n\n<div class=\"wp-block-uagb-image uagb-block-69efc26e wp-block-uagb-image--layout-default wp-block-uagb-image--effect-static wp-block-uagb-image--align-none\"><figure class=\"wp-block-uagb-image__figure\"><img decoding=\"async\" srcset=\"https:\/\/uelsen-nachhaltig.de\/wordpress\/wp-content\/uploads\/2024\/09\/Fussabdruck_09-13-2024_01-1.webp ,https:\/\/uelsen-nachhaltig.de\/wordpress\/wp-content\/uploads\/2024\/09\/Fussabdruck_09-13-2024_01-1.webp 780w, https:\/\/uelsen-nachhaltig.de\/wordpress\/wp-content\/uploads\/2024\/09\/Fussabdruck_09-13-2024_01-1.webp 360w\" sizes=\"auto, (max-width: 480px) 150px\" src=\"https:\/\/uelsen-nachhaltig.de\/wordpress\/wp-content\/uploads\/2024\/09\/Fussabdruck_09-13-2024_01-1.webp\" alt=\"\" class=\"uag-image-1562\" width=\"654\" height=\"276\" title=\"Fussabdruck_09-13-2024_01\" loading=\"lazy\" role=\"img\"\/><\/figure><\/div>\n\n\n\n<div class=\"wp-block-uagb-advanced-heading uagb-block-219c0db3\"><p class=\"uagb-desc-text\">Damit einher gehen die uns zur Verf\u00fcgung stehenden Rohstoffe schneller als erlaubt zu Neige.<br>Fakten, vor denen wir allzu gern die Augen verschlie\u00dfen.<br><\/p><\/div>\n\n\n\n<div class=\"wp-block-uagb-advanced-heading uagb-block-42a315f3\"><\/div>\n\n\n\n<div class=\"wp-block-uagb-image uagb-block-be1bc219 wp-block-uagb-image--layout-default wp-block-uagb-image--effect-static wp-block-uagb-image--align-none\"><figure class=\"wp-block-uagb-image__figure\"><img decoding=\"async\" srcset=\"https:\/\/uelsen-nachhaltig.de\/wordpress\/wp-content\/uploads\/2024\/09\/drei-erden_09-13-2024_01.webp ,https:\/\/uelsen-nachhaltig.de\/wordpress\/wp-content\/uploads\/2024\/09\/drei-erden_09-13-2024_01.webp 780w, https:\/\/uelsen-nachhaltig.de\/wordpress\/wp-content\/uploads\/2024\/09\/drei-erden_09-13-2024_01.webp 360w\" sizes=\"auto, (max-width: 480px) 150px\" src=\"https:\/\/uelsen-nachhaltig.de\/wordpress\/wp-content\/uploads\/2024\/09\/drei-erden_09-13-2024_01.webp\" alt=\"\" class=\"uag-image-1563\" width=\"533\" height=\"272\" title=\"drei-erden_09-13-2024_01\" loading=\"lazy\" role=\"img\"\/><\/figure><\/div>\n\n\n\n<div class=\"wp-block-uagb-container uagb-block-da08e0ea\">\n<div class=\"wp-block-uagb-advanced-heading uagb-block-74ea72af\"><p class=\"uagb-desc-text\">Aber wir k\u00f6nnen wohl nicht anders (nein, keine Ausrede, nicht wirklich). Oder?<br>Lesetipp: \u201e<a href=\"https:\/\/uelsen-nachhaltig.de\/wordpress\/warum-verhalten-wir-uns-nicht-nachhaltig\/\" data-type=\"link\" data-id=\"https:\/\/uelsen-nachhaltig.de\/wordpress\/warum-verhalten-wir-uns-nicht-nachhaltig\/\">Warum verhalten wir uns (nicht) nachhaltig?\u201c -Blog-&gt;Nachhaltig zufrieden<\/a><\/p><\/div>\n<\/div>\n<\/div>\n<\/div><\/div>\n\n\n\n<p><\/p>\n","protected":false},"excerpt":{"rendered":"<p>Mensch, wer bist du? Das gr\u00f6\u00dfte Wunderwerk! Jeder von steht dem leibhaftig nahe. Bewundernswert! Zu fast allem f\u00e4hig.Sehr gut \u2013 [&hellip;]<\/p>\n","protected":false},"author":1,"featured_media":421,"parent":104,"menu_order":3,"comment_status":"closed","ping_status":"closed","template":"","meta":{"_uag_custom_page_level_css":"","site-sidebar-layout":"default","site-content-layout":"","ast-site-content-layout":"normal-width-container","site-content-style":"boxed","site-sidebar-style":"default","ast-global-header-display":"","ast-banner-title-visibility":"","ast-main-header-display":"","ast-hfb-above-header-display":"","ast-hfb-below-header-display":"","ast-hfb-mobile-header-display":"","site-post-title":"disabled","ast-breadcrumbs-content":"","ast-featured-img":"disabled","footer-sml-layout":"","theme-transparent-header-meta":"","adv-header-id-meta":"","stick-header-meta":"","header-above-stick-meta":"","header-main-stick-meta":"","header-below-stick-meta":"","astra-migrate-meta-layouts":"default","ast-page-background-enabled":"default","ast-page-background-meta":{"desktop":{"background-color":"var(--ast-global-color-4)","background-image":"","background-repeat":"repeat","background-position":"center center","background-size":"auto","background-attachment":"scroll","background-type":"","background-media":"","overlay-type":"","overlay-color":"","overlay-opacity":"","overlay-gradient":""},"tablet":{"background-color":"","background-image":"","background-repeat":"repeat","background-position":"center center","background-size":"auto","background-attachment":"scroll","background-type":"","background-media":"","overlay-type":"","overlay-color":"","overlay-opacity":"","overlay-gradient":""},"mobile":{"background-color":"","background-image":"","background-repeat":"repeat","background-position":"center center","background-size":"auto","background-attachment":"scroll","background-type":"","background-media":"","overlay-type":"","overlay-color":"","overlay-opacity":"","overlay-gradient":""}},"ast-content-background-meta":{"desktop":{"background-color":"var(--ast-global-color-5)","background-image":"","background-repeat":"repeat","background-position":"center center","background-size":"auto","background-attachment":"scroll","background-type":"","background-media":"","overlay-type":"","overlay-color":"","overlay-opacity":"","overlay-gradient":""},"tablet":{"background-color":"var(--ast-global-color-5)","background-image":"","background-repeat":"repeat","background-position":"center center","background-size":"auto","background-attachment":"scroll","background-type":"","background-media":"","overlay-type":"","overlay-color":"","overlay-opacity":"","overlay-gradient":""},"mobile":{"background-color":"var(--ast-global-color-5)","background-image":"","background-repeat":"repeat","background-position":"center center","background-size":"auto","background-attachment":"scroll","background-type":"","background-media":"","overlay-type":"","overlay-color":"","overlay-opacity":"","overlay-gradient":""}},"iawp_total_views":75,"footnotes":""},"class_list":["post-349","page","type-page","status-publish","has-post-thumbnail","hentry"],"uagb_featured_image_src":{"full":["https:\/\/uelsen-nachhaltig.de\/wordpress\/wp-content\/uploads\/2024\/08\/20110805_6237-b-3.jpg",1024,683,false],"thumbnail":["https:\/\/uelsen-nachhaltig.de\/wordpress\/wp-content\/uploads\/2024\/08\/20110805_6237-b-3-150x150.jpg",150,150,true],"medium":["https:\/\/uelsen-nachhaltig.de\/wordpress\/wp-content\/uploads\/2024\/08\/20110805_6237-b-3-300x200.jpg",300,200,true],"medium_large":["https:\/\/uelsen-nachhaltig.de\/wordpress\/wp-content\/uploads\/2024\/08\/20110805_6237-b-3-768x512.jpg",768,512,true],"large":["https:\/\/uelsen-nachhaltig.de\/wordpress\/wp-content\/uploads\/2024\/08\/20110805_6237-b-3.jpg",1024,683,false],"1536x1536":["https:\/\/uelsen-nachhaltig.de\/wordpress\/wp-content\/uploads\/2024\/08\/20110805_6237-b-3.jpg",1024,683,false],"2048x2048":["https:\/\/uelsen-nachhaltig.de\/wordpress\/wp-content\/uploads\/2024\/08\/20110805_6237-b-3.jpg",1024,683,false]},"uagb_author_info":{"display_name":"hermannmarkert","author_link":"https:\/\/uelsen-nachhaltig.de\/wordpress\/author\/hermannmarkert\/"},"uagb_comment_info":0,"uagb_excerpt":"Mensch, wer bist du? Das gr\u00f6\u00dfte Wunderwerk! Jeder von steht dem leibhaftig nahe. Bewundernswert! Zu fast allem f\u00e4hig.Sehr gut \u2013 [&hellip;]","_links":{"self":[{"href":"https:\/\/uelsen-nachhaltig.de\/wordpress\/wp-json\/wp\/v2\/pages\/349","targetHints":{"allow":["GET"]}}],"collection":[{"href":"https:\/\/uelsen-nachhaltig.de\/wordpress\/wp-json\/wp\/v2\/pages"}],"about":[{"href":"https:\/\/uelsen-nachhaltig.de\/wordpress\/wp-json\/wp\/v2\/types\/page"}],"author":[{"embeddable":true,"href":"https:\/\/uelsen-nachhaltig.de\/wordpress\/wp-json\/wp\/v2\/users\/1"}],"replies":[{"embeddable":true,"href":"https:\/\/uelsen-nachhaltig.de\/wordpress\/wp-json\/wp\/v2\/comments?post=349"}],"version-history":[{"count":10,"href":"https:\/\/uelsen-nachhaltig.de\/wordpress\/wp-json\/wp\/v2\/pages\/349\/revisions"}],"predecessor-version":[{"id":2567,"href":"https:\/\/uelsen-nachhaltig.de\/wordpress\/wp-json\/wp\/v2\/pages\/349\/revisions\/2567"}],"up":[{"embeddable":true,"href":"https:\/\/uelsen-nachhaltig.de\/wordpress\/wp-json\/wp\/v2\/pages\/104"}],"wp:featuredmedia":[{"embeddable":true,"href":"https:\/\/uelsen-nachhaltig.de\/wordpress\/wp-json\/wp\/v2\/media\/421"}],"wp:attachment":[{"href":"https:\/\/uelsen-nachhaltig.de\/wordpress\/wp-json\/wp\/v2\/media?parent=349"}],"curies":[{"name":"wp","href":"https:\/\/api.w.org\/{rel}","templated":true}]}}