{"id":274,"date":"2024-08-22T12:06:49","date_gmt":"2024-08-22T10:06:49","guid":{"rendered":"https:\/\/uelsen-nachhaltig.de\/wordpress\/?page_id=274"},"modified":"2025-01-14T17:58:48","modified_gmt":"2025-01-14T16:58:48","slug":"aha","status":"publish","type":"page","link":"https:\/\/uelsen-nachhaltig.de\/wordpress\/aha\/","title":{"rendered":"Aha Co.Ca."},"content":{"rendered":"\n<div class=\"wp-block-uagb-container uagb-block-ec553948 alignfull uagb-is-root-container\"><div class=\"uagb-container-inner-blocks-wrap\">\n<div class=\"wp-block-uagb-container uagb-block-e04867b8\">\n<div class=\"wp-block-uagb-info-box uagb-block-4b68dcea uagb-infobox__content-wrap  uagb-infobox-icon-above-title uagb-infobox-image-valign-top wp-block-uagb-info-box--has-margin\"><div class=\"uagb-infobox-margin-wrapper\"><div class=\"uagb-ifb-content\"><div class=\"uagb-ifb-title-wrap\"><h2 class=\"uagb-ifb-title\">Was verbirgt sich denn hinter Aha Co.Ca.?<\/h2><\/div><p class=\"uagb-ifb-desc\">Nun: Co.Ca. steht f\u00fcr <strong>Connect Caf\u00e9<\/strong> &#8211;<em> (in spe<\/em>, daher noch diese K\u00fcrzel)<br><br>Connect steht hier f\u00fcr Kontakt, Kommunikation, Begegnung.<br><br>Ob ein Besuch in der Fundgrube, der Leihstation oder einem anderen Projektzweig: im Domizil in der \u201aAlten Molkerei\u2018 trifft man auch immer auf Menschen. Und nicht selten wird eine zun\u00e4chst beil\u00e4ufige Begegnung sogar wertvoller als der Erwerb einer Sache. <br> ><em>Alles wirkliche Leben ist Begegnung<\/em>&lt;, so dr\u00fcckte es einmal Martin Buber aus.<br>Aufgrund dieser Tatsache haben wir nach einem passenden Oberbegriff f\u00fcr die Wirkst\u00e4tte gesucht, in der sich die Zielsetzung der gesamten Arbeit widerspiegeln soll.  <\/p><\/div><\/div><\/div>\n<\/div>\n\n\n\n<div class=\"wp-block-uagb-container uagb-block-ab213034\">\n<div class=\"wp-block-uagb-image uagb-block-bc0facf6 wp-block-uagb-image--layout-default wp-block-uagb-image--effect-static wp-block-uagb-image--align-none\"><figure class=\"wp-block-uagb-image__figure\"><img decoding=\"async\" srcset=\"https:\/\/uelsen-nachhaltig.de\/wordpress\/wp-content\/uploads\/2024\/09\/Batton.jpg ,https:\/\/uelsen-nachhaltig.de\/wordpress\/wp-content\/uploads\/2024\/09\/Batton.jpg 780w, https:\/\/uelsen-nachhaltig.de\/wordpress\/wp-content\/uploads\/2024\/09\/Batton.jpg 360w\" sizes=\"auto, (max-width: 480px) 150px\" src=\"https:\/\/uelsen-nachhaltig.de\/wordpress\/wp-content\/uploads\/2024\/09\/Batton.jpg\" alt=\"\" class=\"uag-image-1663\" width=\"265\" height=\"169\" title=\"Batton\" loading=\"lazy\" role=\"img\"\/><\/figure><\/div>\n<\/div>\n<\/div><\/div>\n\n\n\n<div class=\"wp-block-uagb-container uagb-block-3ab264c8 alignfull uagb-is-root-container\"><div class=\"uagb-container-inner-blocks-wrap\">\n<div class=\"wp-block-uagb-advanced-heading uagb-block-10982011\"><p class=\"uagb-desc-text\">Im \u201eAHA Connect Caf\u00e9\u201c kann jeder einfach so verweilen (konsumfrei), einen Kaffee trinken  (oder was einem lieber ist), schm\u00f6kern und und &#8211; heute schon. Ein richtiges Caf\u00e9 ist es allerdings nicht. <strong>Ausbaupl\u00e4ne f\u00fcr einen noch gem\u00fctlicheren Aufenthalt gibt es aber <\/strong>\ud83d\ude0a. Und wer wei\u00df: Vielleicht stellst du bei einem Besuch fest; \u201eaha, ich wusste gar nicht, was es hier alles zu entdecken gibt.\u201c \ud83d\ude03<\/p><\/div>\n\n\n\n<div class=\"wp-block-uagb-container uagb-block-33354928\">\n<div class=\"wp-block-uagb-image alignright uagb-block-1ea041ba wp-block-uagb-image--layout-default wp-block-uagb-image--effect-static wp-block-uagb-image--align-right\"><figure class=\"wp-block-uagb-image__figure\"><img decoding=\"async\" srcset=\"https:\/\/uelsen-nachhaltig.de\/wordpress\/wp-content\/uploads\/2024\/09\/AHA-2_09-15-2024_01.webp ,https:\/\/uelsen-nachhaltig.de\/wordpress\/wp-content\/uploads\/2024\/09\/AHA-2_09-15-2024_01.webp 780w, https:\/\/uelsen-nachhaltig.de\/wordpress\/wp-content\/uploads\/2024\/09\/AHA-2_09-15-2024_01.webp 360w\" sizes=\"auto, (max-width: 480px) 150px\" src=\"https:\/\/uelsen-nachhaltig.de\/wordpress\/wp-content\/uploads\/2024\/09\/AHA-2_09-15-2024_01.webp\" alt=\"\" class=\"uag-image-1762\" width=\"320\" height=\"218\" title=\"AHA -2_09-15-2024_01\" loading=\"lazy\" role=\"img\"\/><\/figure><\/div>\n<\/div>\n<\/div><\/div>\n\n\n\n<div class=\"wp-block-uagb-container uagb-block-6e8f0ae7 alignfull uagb-is-root-container\"><div class=\"uagb-container-inner-blocks-wrap\">\n<div class=\"wp-block-uagb-container uagb-block-eee2c5a5\">\n<div class=\"wp-block-uagb-container uagb-block-074bdf49\">\n<div class=\"wp-block-uagb-advanced-heading uagb-block-40d87aac\"><p class=\"uagb-desc-text\">Noch mehr M\u00f6glichkeiten der Nutzung im AHA Connect Caf\u00e9:<br><br><strong>1_Ideenkiste &#8211; Forum &#8211;   Workshops<\/strong> \u2013 Alltagsthemen mit praktischem Nachhaltigkeitsfaktor<br><strong>2_Arbeitsgemeinschaften<\/strong> \u2013 Sammelstelle von Best of \u2026<br><strong>3_Offene Runde: CREDO<\/strong>&nbsp; &#8211; Reflexion, Standortbestimmung<br><strong>4_AusZeit<\/strong> &#8211; Audienz<br>&nbsp;&nbsp;&nbsp;&nbsp;&nbsp;&nbsp;&nbsp;&nbsp;&nbsp;&nbsp;&nbsp;&nbsp;&nbsp;&nbsp;&nbsp;&nbsp;&nbsp;&nbsp;&nbsp;&nbsp;&nbsp;&nbsp;&nbsp;&nbsp;&nbsp;&nbsp;&nbsp;&nbsp;&nbsp;&nbsp;&nbsp;&nbsp;&nbsp;&nbsp;&nbsp;&nbsp;&nbsp;&nbsp;&nbsp;&nbsp;&nbsp;&nbsp;&nbsp;&nbsp;&nbsp;&nbsp;&nbsp;&nbsp;&nbsp;&nbsp;&nbsp;&nbsp;&nbsp;&nbsp;&nbsp;&nbsp;&nbsp;&nbsp;&nbsp;&nbsp;&nbsp;&nbsp;&nbsp;&nbsp;&nbsp;&nbsp;&nbsp;&nbsp;&nbsp;&nbsp;&nbsp;&nbsp;&nbsp;&nbsp;&nbsp;&nbsp;&nbsp;&nbsp;<mark style=\"background-color:rgba(0, 0, 0, 0);color:#f7efdf\" class=\"has-inline-color\"> <\/mark><mark style=\"background-color:rgba(0, 0, 0, 0);color:#eeba50\" class=\"has-inline-color\">Links zu Unterseiten erfolgen nach und nach<\/mark><br>Bei <strong>Interesse<\/strong> f\u00fcr einen der benannten Bereiche, gerne kontakten.<\/p><\/div>\n<\/div>\n\n\n\n<div class=\"wp-block-uagb-container uagb-block-d8cc403f\">\n<div class=\"wp-block-uagb-container uagb-block-1a7743ee\">\n<div class=\"wp-block-uagb-advanced-heading uagb-block-cfe961cf\"><h2 class=\"uagb-heading-text\">zu Workshops<\/h2><\/div>\n\n\n\n<p class=\"has-ast-global-color-1-color has-text-color has-link-color has-medium-font-size wp-elements-bec218971cf0f6672f2577d967575513\">Themen, die auf der Agenda stehen:<\/p>\n\n\n\n<p class=\"has-link-color has-medium-font-size wp-elements-f52f55f9d664e802be2bc0e74b81213a\">= WOHNEN =            Gute Luft im Raum &#8211; Qualit\u00e4t zum Leben | Kleine Hausmeisterschule | Heizen ohne zu Verheizen<\/p>\n\n\n\n<p class=\"has-link-color has-medium-font-size wp-elements-fe634881699d69cdeeaeb06b1f23834c\">= HAUS =                   Fit durch&#8217;s Jahr &#8211; rechtzeitige Unterhaltungsma\u00dfnahmen | Wie wird mein altes Haus zukunftsfest?<\/p>\n\n\n\n<p class=\"has-link-color has-medium-font-size wp-elements-64f0c8ce9b5bd3de20f9a3c6773ef617\">= BAUEN =                Das Wichtigste in der Planungsphase | M\u00f6glichkeiten und Grenzen der &#8218;Muskelhypothek&#8216; | Nassbau &#8211; Trockenbau (praktisch)<\/p>\n<\/div>\n<\/div>\n<\/div>\n<\/div><\/div>\n\n\n\n<p><\/p>\n\n\n\n<div class=\"wp-block-uagb-container uagb-block-6f712e16 alignfull uagb-is-root-container\"><div class=\"uagb-container-inner-blocks-wrap\">\n<figure class=\"wp-block-image size-large is-resized\"><img loading=\"lazy\" decoding=\"async\" width=\"1024\" height=\"748\" src=\"https:\/\/uelsen-nachhaltig.de\/wordpress\/wp-content\/uploads\/2024\/09\/2.2-AG-Forum-Worksh-2-1024x748.jpg\" alt=\"\" class=\"wp-image-2211\" style=\"width:464px;height:auto\" srcset=\"https:\/\/uelsen-nachhaltig.de\/wordpress\/wp-content\/uploads\/2024\/09\/2.2-AG-Forum-Worksh-2-1024x748.jpg 1024w, https:\/\/uelsen-nachhaltig.de\/wordpress\/wp-content\/uploads\/2024\/09\/2.2-AG-Forum-Worksh-2-300x219.jpg 300w, https:\/\/uelsen-nachhaltig.de\/wordpress\/wp-content\/uploads\/2024\/09\/2.2-AG-Forum-Worksh-2-768x561.jpg 768w, https:\/\/uelsen-nachhaltig.de\/wordpress\/wp-content\/uploads\/2024\/09\/2.2-AG-Forum-Worksh-2-1536x1122.jpg 1536w, https:\/\/uelsen-nachhaltig.de\/wordpress\/wp-content\/uploads\/2024\/09\/2.2-AG-Forum-Worksh-2.jpg 1824w\" sizes=\"auto, (max-width: 1024px) 100vw, 1024px\" \/><\/figure>\n<\/div><\/div>\n\n\n\n<p><\/p>\n\n\n\n<div class=\"wp-block-uagb-image uagb-block-507683ac wp-block-uagb-image--layout-default wp-block-uagb-image--effect-static wp-block-uagb-image--align-none\"><figure class=\"wp-block-uagb-image__figure\"><img decoding=\"async\" srcset=\"https:\/\/uelsen-nachhaltig.de\/wordpress\/wp-content\/uploads\/2024\/09\/2.4.9-1024x620.jpg ,https:\/\/uelsen-nachhaltig.de\/wordpress\/wp-content\/uploads\/2024\/09\/2.4.9.jpg 780w, https:\/\/uelsen-nachhaltig.de\/wordpress\/wp-content\/uploads\/2024\/09\/2.4.9.jpg 360w\" sizes=\"auto, (max-width: 480px) 150px\" src=\"https:\/\/uelsen-nachhaltig.de\/wordpress\/wp-content\/uploads\/2024\/09\/2.4.9-1024x620.jpg\" alt=\"\" class=\"uag-image-2212\" width=\"796\" height=\"482\" title=\"2.4.9\" loading=\"lazy\" role=\"img\"\/><\/figure><\/div>\n\n\n\n<p><\/p>\n","protected":false},"excerpt":{"rendered":"<p>Im \u201eAHA Connect Caf\u00e9\u201c kann jeder einfach so verweilen (konsumfrei), einen Kaffee trinken (oder was einem lieber ist), schm\u00f6kern und [&hellip;]<\/p>\n","protected":false},"author":1,"featured_media":0,"parent":0,"menu_order":6,"comment_status":"closed","ping_status":"closed","template":"","meta":{"_uag_custom_page_level_css":"","site-sidebar-layout":"default","site-content-layout":"","ast-site-content-layout":"","site-content-style":"default","site-sidebar-style":"default","ast-global-header-display":"","ast-banner-title-visibility":"","ast-main-header-display":"","ast-hfb-above-header-display":"","ast-hfb-below-header-display":"","ast-hfb-mobile-header-display":"","site-post-title":"disabled","ast-breadcrumbs-content":"","ast-featured-img":"","footer-sml-layout":"","theme-transparent-header-meta":"","adv-header-id-meta":"","stick-header-meta":"","header-above-stick-meta":"","header-main-stick-meta":"","header-below-stick-meta":"","astra-migrate-meta-layouts":"default","ast-page-background-enabled":"default","ast-page-background-meta":{"desktop":{"background-color":"var(--ast-global-color-4)","background-image":"","background-repeat":"repeat","background-position":"center center","background-size":"auto","background-attachment":"scroll","background-type":"","background-media":"","overlay-type":"","overlay-color":"","overlay-opacity":"","overlay-gradient":""},"tablet":{"background-color":"","background-image":"","background-repeat":"repeat","background-position":"center center","background-size":"auto","background-attachment":"scroll","background-type":"","background-media":"","overlay-type":"","overlay-color":"","overlay-opacity":"","overlay-gradient":""},"mobile":{"background-color":"","background-image":"","background-repeat":"repeat","background-position":"center center","background-size":"auto","background-attachment":"scroll","background-type":"","background-media":"","overlay-type":"","overlay-color":"","overlay-opacity":"","overlay-gradient":""}},"ast-content-background-meta":{"desktop":{"background-color":"var(--ast-global-color-5)","background-image":"","background-repeat":"repeat","background-position":"center center","background-size":"auto","background-attachment":"scroll","background-type":"","background-media":"","overlay-type":"","overlay-color":"","overlay-opacity":"","overlay-gradient":""},"tablet":{"background-color":"var(--ast-global-color-5)","background-image":"","background-repeat":"repeat","background-position":"center center","background-size":"auto","background-attachment":"scroll","background-type":"","background-media":"","overlay-type":"","overlay-color":"","overlay-opacity":"","overlay-gradient":""},"mobile":{"background-color":"var(--ast-global-color-5)","background-image":"","background-repeat":"repeat","background-position":"center center","background-size":"auto","background-attachment":"scroll","background-type":"","background-media":"","overlay-type":"","overlay-color":"","overlay-opacity":"","overlay-gradient":""}},"iawp_total_views":95,"footnotes":""},"class_list":["post-274","page","type-page","status-publish","hentry"],"uagb_featured_image_src":{"full":false,"thumbnail":false,"medium":false,"medium_large":false,"large":false,"1536x1536":false,"2048x2048":false},"uagb_author_info":{"display_name":"hermannmarkert","author_link":"https:\/\/uelsen-nachhaltig.de\/wordpress\/author\/hermannmarkert\/"},"uagb_comment_info":0,"uagb_excerpt":"Im \u201eAHA Connect Caf\u00e9\u201c kann jeder einfach so verweilen (konsumfrei), einen Kaffee trinken (oder was einem lieber ist), schm\u00f6kern und [&hellip;]","_links":{"self":[{"href":"https:\/\/uelsen-nachhaltig.de\/wordpress\/wp-json\/wp\/v2\/pages\/274","targetHints":{"allow":["GET"]}}],"collection":[{"href":"https:\/\/uelsen-nachhaltig.de\/wordpress\/wp-json\/wp\/v2\/pages"}],"about":[{"href":"https:\/\/uelsen-nachhaltig.de\/wordpress\/wp-json\/wp\/v2\/types\/page"}],"author":[{"embeddable":true,"href":"https:\/\/uelsen-nachhaltig.de\/wordpress\/wp-json\/wp\/v2\/users\/1"}],"replies":[{"embeddable":true,"href":"https:\/\/uelsen-nachhaltig.de\/wordpress\/wp-json\/wp\/v2\/comments?post=274"}],"version-history":[{"count":9,"href":"https:\/\/uelsen-nachhaltig.de\/wordpress\/wp-json\/wp\/v2\/pages\/274\/revisions"}],"predecessor-version":[{"id":3121,"href":"https:\/\/uelsen-nachhaltig.de\/wordpress\/wp-json\/wp\/v2\/pages\/274\/revisions\/3121"}],"wp:attachment":[{"href":"https:\/\/uelsen-nachhaltig.de\/wordpress\/wp-json\/wp\/v2\/media?parent=274"}],"curies":[{"name":"wp","href":"https:\/\/api.w.org\/{rel}","templated":true}]}}