{"id":1711,"date":"2024-09-14T20:15:36","date_gmt":"2024-09-14T18:15:36","guid":{"rendered":"https:\/\/uelsen-nachhaltig.de\/wordpress\/?page_id=1711"},"modified":"2025-11-26T09:23:07","modified_gmt":"2025-11-26T08:23:07","slug":"foerdern","status":"publish","type":"page","link":"https:\/\/uelsen-nachhaltig.de\/wordpress\/uber-uns\/foerdern\/","title":{"rendered":"F\u00f6rdern"},"content":{"rendered":"\n<div class=\"wp-block-uagb-container uagb-block-bc031698 alignfull uagb-is-root-container\"><div class=\"uagb-container-inner-blocks-wrap\">\n<div class=\"wp-block-uagb-advanced-heading uagb-block-235789e8\"><h2 class=\"uagb-heading-text\">F\u00f6rdern   &#8211;&nbsp; Unterst\u00fctzen<\/h2><\/div>\n<\/div><\/div>\n\n\n\n<div class=\"wp-block-uagb-container uagb-block-ffb5a7f3 alignfull uagb-is-root-container\"><div class=\"uagb-container-inner-blocks-wrap\">\n<div class=\"wp-block-uagb-container uagb-block-9e97e081\">\n<div class=\"wp-block-uagb-advanced-heading uagb-block-1ee0d403\"><p class=\"uagb-heading-text\">\u201eUelsen nachhaltig\u201c \u2013  eine Gemeinschaftsaufgabe!  Denn:<\/p><\/div>\n<\/div>\n<\/div><\/div>\n\n\n\n<div class=\"wp-block-uagb-container uagb-block-f6a7cc9d alignfull uagb-is-root-container\"><div class=\"uagb-container-inner-blocks-wrap\">\n<div class=\"wp-block-uagb-image uagb-block-9daf3156 wp-block-uagb-image--layout-default wp-block-uagb-image--effect-static wp-block-uagb-image--align-none\"><figure class=\"wp-block-uagb-image__figure\"><img decoding=\"async\" srcset=\"https:\/\/uelsen-nachhaltig.de\/wordpress\/wp-content\/uploads\/2024\/09\/Foerdern-1_09-14-2024_01.webp ,https:\/\/uelsen-nachhaltig.de\/wordpress\/wp-content\/uploads\/2024\/09\/Foerdern-1_09-14-2024_01.webp 780w, https:\/\/uelsen-nachhaltig.de\/wordpress\/wp-content\/uploads\/2024\/09\/Foerdern-1_09-14-2024_01.webp 360w\" sizes=\"auto, (max-width: 480px) 150px\" src=\"https:\/\/uelsen-nachhaltig.de\/wordpress\/wp-content\/uploads\/2024\/09\/Foerdern-1_09-14-2024_01.webp\" alt=\"\" class=\"uag-image-1712\" width=\"298\" height=\"205\" title=\"F\u00f6rdern-1_09-14-2024_01\" loading=\"lazy\" role=\"img\"\/><\/figure><\/div>\n<\/div><\/div>\n\n\n\n<div class=\"wp-block-uagb-container uagb-block-3f78b693 alignfull uagb-is-root-container\"><div class=\"uagb-container-inner-blocks-wrap\">\n<div class=\"wp-block-uagb-advanced-heading uagb-block-4c5d0afe\"><p class=\"uagb-desc-text\"><br>Solltest du dich fragen: <em>\u201eWie kann ich mich in diese Sache einbringen?<\/em>\u201c, so gibt es hier ein paar Hinweise.<br><br>Mitmachen, dabei sein, sich sinnvoll einsetzen; dies geht u.a. auf folgende Weise. <br><strong>Ich kann:<\/strong><br><br>\uf0d8 Gute Dinge, die zu Hause nicht (mehr) genutzt werden, verkaufen lassen oder spenden.<br><br>\uf0d8 Eigene F\u00e4higkeiten anbieten, z.B. in der Unterst\u00fctzung eines Projektes und\/oder direkt durch eine die mir eigene Dienstm\u00f6glichkeit.<br><br>\uf0d8 F\u00f6rdermitglied werden. Um den gemieteten Raum (200 qm) zu halten und die M\u00f6glichkeiten auszubauen, wird immer auch Geld ben\u00f6tigt. Wem auch daran liegt, dass es gut weitergeht, m\u00f6ge die gemeinn\u00fctzige Arbeit mit monatlich 3,- o. 5,- Euro oder mehr unterst\u00fctzen. Nutze hierf\u00fcr die Kontaktm\u00f6glichkeit per Mail <a href=\"https:\/\/uelsen-nachhaltig.de\/wordpress\/uber-uns\/foerdern\/\" data-type=\"link\" data-id=\"https:\/\/uelsen-nachhaltig.de\/wordpress\/uber-uns\/foerdern\/\">Kontakt<\/a> \u2013 oder direkt zum Einrichten eines Dauerauftrages die Kt.-Verbindung der Volksbank Niedergrafschaft<br>IBAN DE97 2806 9926 1219 0098 00    &#8211;   Konto-Inhaber: Uelsen nachhaltig e.V.<br>Einzelzuwendungen sind nat\u00fcrlich auch herzlich Willkommen.<br>Da der Verein als gemeinn\u00fctzig anerkannt ist, k\u00f6nnen alle Zuwendungen als steuerbeg\u00fcnstigt  beim Finanzamt angesetzt werden. Spendenbescheinigungen gibt es von uns.<\/p><\/div>\n\n\n\n<p><\/p>\n<\/div><\/div>\n\n\n\n<div class=\"wp-block-uagb-container uagb-block-a39c1132 alignfull uagb-is-root-container\"><div class=\"uagb-container-inner-blocks-wrap\">\n<div class=\"wp-block-uagb-container uagb-block-43acfa8c\">\n<div class=\"wp-block-uagb-container uagb-block-e497b0de\">\n<div class=\"wp-block-uagb-image aligncenter uagb-block-cd8d9097 wp-block-uagb-image--layout-default wp-block-uagb-image--effect-static wp-block-uagb-image--align-center\"><figure class=\"wp-block-uagb-image__figure\"><img decoding=\"async\" srcset=\"https:\/\/uelsen-nachhaltig.de\/wordpress\/wp-content\/uploads\/2024\/09\/korder-309-14-2024_01.webp ,https:\/\/uelsen-nachhaltig.de\/wordpress\/wp-content\/uploads\/2024\/09\/korder-309-14-2024_01.webp 780w, https:\/\/uelsen-nachhaltig.de\/wordpress\/wp-content\/uploads\/2024\/09\/korder-309-14-2024_01.webp 360w\" sizes=\"auto, (max-width: 480px) 150px\" src=\"https:\/\/uelsen-nachhaltig.de\/wordpress\/wp-content\/uploads\/2024\/09\/korder-309-14-2024_01.webp\" alt=\"\" class=\"uag-image-1713\" width=\"149\" height=\"190\" title=\"korder-309-14-2024_01\" loading=\"lazy\" role=\"img\"\/><\/figure><\/div>\n<\/div>\n\n\n\n<div class=\"wp-block-uagb-container uagb-block-4984b8b3\"><\/div>\n<\/div>\n<\/div><\/div>\n\n\n\n<div class=\"wp-block-uagb-container uagb-block-6c69387a alignfull uagb-is-root-container\"><div class=\"uagb-container-inner-blocks-wrap\"><\/div><\/div>\n\n\n\n<div class=\"wp-block-uagb-advanced-heading uagb-block-195ab04d\"><h2 class=\"uagb-heading-text\">Was bringt&#8217;s? <\/h2><p class=\"uagb-desc-text\">Wof\u00fcr das Ganze? &#8211; Bei diesen Fragen denken wir schnell an Zahlen &#8211; in Euro. Ja, solche Ergebnisse sind <sup>auch<\/sup> erstrebenswert und sinnvoll. Auf der Seite &#8222;<strong><a href=\"https:\/\/uelsen-nachhaltig.de\/wordpress\/projekte\/fazit-2\/\" data-type=\"page\" data-id=\"763\">Fazit<\/a><\/strong>&#8220; lassen sie sich sogar ablesen. <br>Was zudem nennenswert ist, sind die immateriellen Gewinne: Freude, Zufriedenheit, &#8230;<br><br><\/p><\/div>\n\n\n\n<p><\/p>\n\n\n\n<p><\/p>\n","protected":false},"excerpt":{"rendered":"<p>F\u00f6rdern &#8211;&nbsp; Unterst\u00fctzen \u201eUelsen nachhaltig\u201c \u2013 eine Gemeinschaftsaufgabe! Denn: Solltest du dich fragen: \u201eWie kann ich mich in diese Sache [&hellip;]<\/p>\n","protected":false},"author":1,"featured_media":0,"parent":104,"menu_order":8,"comment_status":"closed","ping_status":"closed","template":"","meta":{"_uag_custom_page_level_css":"","site-sidebar-layout":"default","site-content-layout":"","ast-site-content-layout":"","site-content-style":"default","site-sidebar-style":"default","ast-global-header-display":"","ast-banner-title-visibility":"","ast-main-header-display":"","ast-hfb-above-header-display":"","ast-hfb-below-header-display":"","ast-hfb-mobile-header-display":"","site-post-title":"disabled","ast-breadcrumbs-content":"","ast-featured-img":"","footer-sml-layout":"","theme-transparent-header-meta":"","adv-header-id-meta":"","stick-header-meta":"","header-above-stick-meta":"","header-main-stick-meta":"","header-below-stick-meta":"","astra-migrate-meta-layouts":"default","ast-page-background-enabled":"default","ast-page-background-meta":{"desktop":{"background-color":"var(--ast-global-color-4)","background-image":"","background-repeat":"repeat","background-position":"center center","background-size":"auto","background-attachment":"scroll","background-type":"","background-media":"","overlay-type":"","overlay-color":"","overlay-opacity":"","overlay-gradient":""},"tablet":{"background-color":"","background-image":"","background-repeat":"repeat","background-position":"center center","background-size":"auto","background-attachment":"scroll","background-type":"","background-media":"","overlay-type":"","overlay-color":"","overlay-opacity":"","overlay-gradient":""},"mobile":{"background-color":"","background-image":"","background-repeat":"repeat","background-position":"center center","background-size":"auto","background-attachment":"scroll","background-type":"","background-media":"","overlay-type":"","overlay-color":"","overlay-opacity":"","overlay-gradient":""}},"ast-content-background-meta":{"desktop":{"background-color":"var(--ast-global-color-5)","background-image":"","background-repeat":"repeat","background-position":"center center","background-size":"auto","background-attachment":"scroll","background-type":"","background-media":"","overlay-type":"","overlay-color":"","overlay-opacity":"","overlay-gradient":""},"tablet":{"background-color":"var(--ast-global-color-5)","background-image":"","background-repeat":"repeat","background-position":"center center","background-size":"auto","background-attachment":"scroll","background-type":"","background-media":"","overlay-type":"","overlay-color":"","overlay-opacity":"","overlay-gradient":""},"mobile":{"background-color":"var(--ast-global-color-5)","background-image":"","background-repeat":"repeat","background-position":"center center","background-size":"auto","background-attachment":"scroll","background-type":"","background-media":"","overlay-type":"","overlay-color":"","overlay-opacity":"","overlay-gradient":""}},"iawp_total_views":83,"footnotes":""},"class_list":["post-1711","page","type-page","status-publish","hentry"],"uagb_featured_image_src":{"full":false,"thumbnail":false,"medium":false,"medium_large":false,"large":false,"1536x1536":false,"2048x2048":false},"uagb_author_info":{"display_name":"hermannmarkert","author_link":"https:\/\/uelsen-nachhaltig.de\/wordpress\/author\/hermannmarkert\/"},"uagb_comment_info":0,"uagb_excerpt":"F\u00f6rdern &#8211;&nbsp; Unterst\u00fctzen \u201eUelsen nachhaltig\u201c \u2013 eine Gemeinschaftsaufgabe! Denn: Solltest du dich fragen: \u201eWie kann ich mich in diese Sache [&hellip;]","_links":{"self":[{"href":"https:\/\/uelsen-nachhaltig.de\/wordpress\/wp-json\/wp\/v2\/pages\/1711","targetHints":{"allow":["GET"]}}],"collection":[{"href":"https:\/\/uelsen-nachhaltig.de\/wordpress\/wp-json\/wp\/v2\/pages"}],"about":[{"href":"https:\/\/uelsen-nachhaltig.de\/wordpress\/wp-json\/wp\/v2\/types\/page"}],"author":[{"embeddable":true,"href":"https:\/\/uelsen-nachhaltig.de\/wordpress\/wp-json\/wp\/v2\/users\/1"}],"replies":[{"embeddable":true,"href":"https:\/\/uelsen-nachhaltig.de\/wordpress\/wp-json\/wp\/v2\/comments?post=1711"}],"version-history":[{"count":10,"href":"https:\/\/uelsen-nachhaltig.de\/wordpress\/wp-json\/wp\/v2\/pages\/1711\/revisions"}],"predecessor-version":[{"id":3389,"href":"https:\/\/uelsen-nachhaltig.de\/wordpress\/wp-json\/wp\/v2\/pages\/1711\/revisions\/3389"}],"up":[{"embeddable":true,"href":"https:\/\/uelsen-nachhaltig.de\/wordpress\/wp-json\/wp\/v2\/pages\/104"}],"wp:attachment":[{"href":"https:\/\/uelsen-nachhaltig.de\/wordpress\/wp-json\/wp\/v2\/media?parent=1711"}],"curies":[{"name":"wp","href":"https:\/\/api.w.org\/{rel}","templated":true}]}}